{"id":82756,"date":"2023-04-24T10:49:36","date_gmt":"2023-04-24T10:49:36","guid":{"rendered":"https:\/\/xn--prvsykling-1cb.no\/about-us-2\/"},"modified":"2023-05-08T08:49:49","modified_gmt":"2023-05-08T06:49:49","slug":"about-us-2","status":"publish","type":"page","link":"https:\/\/xn--prvsykling-1cb.no\/en\/about-us-2\/","title":{"rendered":"About Try cycling"},"content":{"rendered":"<h2 class=\"wp-block-heading\">Hvem &#8211; Hva &#8211; Hvor?<\/h2>\n\n\n\n<p>Pr\u00f8vSykling.no\u00a0er et samarbeidsprosjekt mellom Norges Cykleforbund (NCF) og BikeFolder.com. M\u00e5lsetningen med nettstedet er \u00e5 tilby alle sykkeleiere i Norge et lavterskelstilbud for \u00e5 pr\u00f8ve ut sykling. Nettstedet er \u00e5pent for alle og  kursene er gratis for alle deltakere. <br>Kursene avholdes normalt i perioden Mars til Oktober og dekker sykkelgrenene BMX, Terreng og landevei.<\/p>\n\n\n\n<h3 class=\"wp-block-heading\"><br>Niv\u00e5 og utstyr<\/h3>\n\n\n\n<p>Alle kursene tilgjengelig p\u00e5 pr\u00f8vsykling.no er lavterskel og ment som et tilbud for alle som vil pr\u00f8ve en sykkelgren. Kursene har normalt en varighet p\u00e5 1 time og det legges til rette for <br><br>Hva kreves?<br>For \u00e5 v\u00e6re med p\u00e5 et kurs kreves det:<br>&#8211; Hjelm<br>&#8211; Sykkel<br>&#8211; Hansker (trenger ikke v\u00e6re sykkelhansker)<br><br>For nynegynner kurs BMX &#8211; f\u00e5r deltakere l\u00e5ne sykkel, hjelm og hansker. Det er p\u00e5budt med lang bukse og langermet tr\u00f8ye\/genser for banesykling.<br><\/p>\n\n\n\n<h3 class=\"wp-block-heading\"><\/h3>\n\n\n\n<h3 class=\"wp-block-heading\">Hvem arrangerer kursene?<\/h3>\n\n\n\n<p>Det er sykkelklubber tilknyttet NCF som arrangerer og gjennomf\u00f8rer kursene. Klubbene kan opprette profil direkte p\u00e5 sykling.no og begynne med <br>Henvendelser rundt oppl\u00e6ring og godkjenning av profil kan rettes til Beate Stenberg beate.stenberg@sykling.no <\/p>","protected":false},"excerpt":{"rendered":"<p>Hvem &#8211; Hva &#8211; Hvor? Pr\u00f8vSykling.no\u00a0er et samarbeidsprosjekt mellom Norges Cykleforbund (NCF) og BikeFolder.com. M\u00e5lsetningen med nettstedet er \u00e5 tilby alle sykkeleiere i Norge et lavterskelstilbud for \u00e5 pr\u00f8ve ut sykling. Nettstedet er \u00e5pent for alle og kursene er gratis for alle deltakere. Kursene avholdes normalt i perioden Mars til Oktober og dekker sykkelgrenene BMX,<a class=\"moretag\" href=\"https:\/\/xn--prvsykling-1cb.no\/en\/about-us-2\/\"> Read more&#8230;<\/a><\/p>","protected":false},"author":1,"featured_media":82779,"parent":0,"menu_order":0,"comment_status":"closed","ping_status":"closed","template":"","meta":{"footnotes":""},"class_list":["post-82756","page","type-page","status-publish","has-post-thumbnail","hentry"],"_links":{"self":[{"href":"https:\/\/xn--prvsykling-1cb.no\/en\/wp-json\/wp\/v2\/pages\/82756","targetHints":{"allow":["GET"]}}],"collection":[{"href":"https:\/\/xn--prvsykling-1cb.no\/en\/wp-json\/wp\/v2\/pages"}],"about":[{"href":"https:\/\/xn--prvsykling-1cb.no\/en\/wp-json\/wp\/v2\/types\/page"}],"author":[{"embeddable":true,"href":"https:\/\/xn--prvsykling-1cb.no\/en\/wp-json\/wp\/v2\/users\/1"}],"replies":[{"embeddable":true,"href":"https:\/\/xn--prvsykling-1cb.no\/en\/wp-json\/wp\/v2\/comments?post=82756"}],"version-history":[{"count":0,"href":"https:\/\/xn--prvsykling-1cb.no\/en\/wp-json\/wp\/v2\/pages\/82756\/revisions"}],"wp:featuredmedia":[{"embeddable":true,"href":"https:\/\/xn--prvsykling-1cb.no\/en\/wp-json\/wp\/v2\/media\/82779"}],"wp:attachment":[{"href":"https:\/\/xn--prvsykling-1cb.no\/en\/wp-json\/wp\/v2\/media?parent=82756"}],"curies":[{"name":"wp","href":"https:\/\/api.w.org\/{rel}","templated":true}]}}